{"id":45,"date":"2023-09-13T08:36:12","date_gmt":"2023-09-13T11:36:12","guid":{"rendered":"https:\/\/fecate.praxis.pro.br\/?page_id=45"},"modified":"2023-09-13T09:15:01","modified_gmt":"2023-09-13T12:15:01","slug":"vii-festival-capixaba-de-teatro-video","status":"publish","type":"page","link":"https:\/\/fecate.praxis.pro.br\/index.php\/vii-festival-capixaba-de-teatro-video\/","title":{"rendered":"VII Festival Capixaba de Teatro (v\u00eddeo)"},"content":{"rendered":"<p>&nbsp;<\/p>\n<p><iframe loading=\"lazy\" title=\"2 reportagem tv Gazeta Noroeste Teatro\" width=\"780\" height=\"585\" src=\"https:\/\/www.youtube.com\/embed\/On1Ygkgkf5U?feature=oembed\" frameborder=\"0\" allow=\"accelerometer; autoplay; clipboard-write; encrypted-media; gyroscope; picture-in-picture; web-share\" allowfullscreen><\/iframe><\/p>\n<p>Clique <a href=\"https:\/\/drive.google.com\/file\/d\/1zHg-eUWqRl_FuaoPttlkyNix5XK1OPPc\">AQUI<\/a> para baixar o v\u00eddeo da divulga\u00e7\u00e3o do <a href=\"https:\/\/drive.google.com\/file\/d\/1zHg-eUWqRl_FuaoPttlkyNix5XK1OPPc\">VII Festival Capixaba de Teatro (v\u00eddeo)<\/a><\/p>\n<p>&nbsp;<\/p>\n","protected":false},"excerpt":{"rendered":"<p>&nbsp; Clique AQUI para baixar o v\u00eddeo da divulga\u00e7\u00e3o do VII Festival Capixaba de Teatro (v\u00eddeo) &nbsp;<\/p>\n","protected":false},"author":1,"featured_media":0,"parent":0,"menu_order":0,"comment_status":"closed","ping_status":"closed","template":"","meta":{"footnotes":""},"class_list":["post-45","page","type-page","status-publish","hentry"],"_links":{"self":[{"href":"https:\/\/fecate.praxis.pro.br\/index.php\/wp-json\/wp\/v2\/pages\/45","targetHints":{"allow":["GET"]}}],"collection":[{"href":"https:\/\/fecate.praxis.pro.br\/index.php\/wp-json\/wp\/v2\/pages"}],"about":[{"href":"https:\/\/fecate.praxis.pro.br\/index.php\/wp-json\/wp\/v2\/types\/page"}],"author":[{"embeddable":true,"href":"https:\/\/fecate.praxis.pro.br\/index.php\/wp-json\/wp\/v2\/users\/1"}],"replies":[{"embeddable":true,"href":"https:\/\/fecate.praxis.pro.br\/index.php\/wp-json\/wp\/v2\/comments?post=45"}],"version-history":[{"count":8,"href":"https:\/\/fecate.praxis.pro.br\/index.php\/wp-json\/wp\/v2\/pages\/45\/revisions"}],"predecessor-version":[{"id":55,"href":"https:\/\/fecate.praxis.pro.br\/index.php\/wp-json\/wp\/v2\/pages\/45\/revisions\/55"}],"wp:attachment":[{"href":"https:\/\/fecate.praxis.pro.br\/index.php\/wp-json\/wp\/v2\/media?parent=45"}],"curies":[{"name":"wp","href":"https:\/\/api.w.org\/{rel}","templated":true}]}}